{"id":1332,"date":"2019-10-10T17:17:40","date_gmt":"2019-10-10T17:17:40","guid":{"rendered":"https:\/\/optimaweb.org\/piscinas\/"},"modified":"2019-11-24T15:43:40","modified_gmt":"2019-11-24T15:43:40","slug":"piscinas","status":"publish","type":"page","link":"https:\/\/optimaweb.org\/es\/piscinas\/","title":{"rendered":"Piscinas"},"content":{"rendered":"<p>[vc_row css=\u00bb.vc_custom_1556570675371{padding-bottom: 50px !important;}\u00bb][vc_column css=\u00bb.vc_custom_1556570450243{margin-top: 50px !important;}\u00bb][vc_column_text]<\/p>\n<p>Mantenimiento de <strong>piscinas comunitarias y privadas.<\/strong><\/p>\n<p>Mantenemos el agua cumpliendo con los par\u00e1metros qu\u00edmicos establecidos en la normativa vigente, si necesitamos proporcionar un informe para adaptar la instalaci\u00f3n a la normativa, nos encargamos de todo lo necesario tanto en la temporada de hibernaci\u00f3n de la Piscina como en la temporada de uso de la misma. Nuestros precios incluyen productos, material necesario para el correcto mantenimiento y funcionamiento de los mismos. Cuota anual period\u00edstica mensual.<\/p>\n<p>Aplicaci\u00f3n <strong>y renovaci\u00f3n<\/strong><\/p>\n<p>Nos especializamos en rehabilitaci\u00f3n y adaptaci\u00f3n de piscinas, no importa si su piscina es de fibra, trabajo tradicional o l\u00e1mina armada, un equipo profesional y multidisciplinar le asesorar\u00e1 de las mejores opciones para reparar fugas, puesta en marcha, Limpieza, borados convencionales y de epoxi, mejoras del equipo de filtraci\u00f3n o dispensaci\u00f3n, cambio de material filtro de s\u00edlex o vidrio, instalaci\u00f3n o cambios de luz&#8230;.. Para todo lo que necesite, no dude en ponerse en contacto con nosotros.<\/p>\n<p>&nbsp;<\/p>\n<p><img loading=\"lazy\" class=\"wp-image-1557 aligncenter\" src=\"https:\/\/optimaweb.org\/wp-content\/uploads\/2019\/11\/100_0191-300x225.jpg\" alt=\"\" width=\"332\" height=\"249\" srcset=\"https:\/\/optimaweb.org\/wp-content\/uploads\/2019\/11\/100_0191-300x225.jpg 300w, https:\/\/optimaweb.org\/wp-content\/uploads\/2019\/11\/100_0191.jpg 640w\" sizes=\"(max-width: 332px) 100vw, 332px\" \/><\/p>\n<p>&#8211; <strong>Distribuci\u00f3n de productos qu\u00edmicos en el hogar.<\/strong><\/p>\n<p>Productos de alta calidad, los mismos que utilizamos profesionales, entrega a domicilio en un m\u00e1ximo de 24h, (en un radio de 30 Km desde nuestra sede-pedidos m\u00ednimos de 60,00 \u20ac). Comprimidos de cloro\u2013 tabletas de cloro mutilaci\u00f3 \u2013 Cloro granulado &#8211; Algicida \u2013 Incrementador i minorador de PH \u2013 Floculant &#8211; reactivos para el analisis. Todo lo que necesitas que tenemos.<\/p>\n<p>&nbsp;<\/p>\n<p>&#8211; <strong>Venta e instalaci\u00f3n de equipos de electr\u00f3lisis y dosificador.<\/strong><\/p>\n<p>Optima realiza un servicio profesional de asesoramiento, venta e instalaci\u00f3n para dimensionar correctamente a su equipo. Tenemos: clorosinas con control de producci\u00f3n de cloro, control de pH, dom\u00f3tica y todo lo necesario para que las piscinas adopten este sistema puedan funcionar de forma aut\u00f3noma. Son la mejor opci\u00f3n para disfrutar de un ambiente saludable, limpio y totalmente seguro para que el ba\u00f1o ofrezca las m\u00e1ximas garant\u00edas de salud y bienestar para los nadadores. Solicite un presupuesto sin compromiso.<\/p>\n<p>&nbsp;<\/p>\n<p>\u2022 <strong>Venta y suministro de accesorios para piscinas, tales como:<\/strong><br \/>\n* Colchas, cubiertas, robots (fondos de limpieza), bombas de auto-aspiraci\u00f3n, bombas de transferencia, filtros, bombas de calor, luces LED, duchas, pasamanos, escaleras, juegos de agua, cercas de seguridad, material de filtrado (vidrio o pedernal)<\/p>\n<p>&nbsp;<\/p>\n<p><strong>Puesta a punto<\/strong><br \/>\nPara empezar la temporada con todas las garant\u00edas, retirada de cobertura, anal\u00edtica, limpieza&#8230;<\/p>\n<p>&#8211; Ajuste del equipo de filtraci\u00f3n de parada de hibernaci\u00f3n, hibernaci\u00f3n de dosificadores, aplicar un producto espec\u00edfico para la temporada de invierno<\/p>\n<p><img loading=\"lazy\" class=\"alignnone size-medium wp-image-1597\" src=\"https:\/\/optimaweb.org\/wp-content\/uploads\/2019\/11\/DSC_0050-300x199.jpg\" alt=\"\" width=\"300\" height=\"199\" srcset=\"https:\/\/optimaweb.org\/wp-content\/uploads\/2019\/11\/DSC_0050-300x199.jpg 300w, https:\/\/optimaweb.org\/wp-content\/uploads\/2019\/11\/DSC_0050-1024x681.jpg 1024w, https:\/\/optimaweb.org\/wp-content\/uploads\/2019\/11\/DSC_0050-768x511.jpg 768w, https:\/\/optimaweb.org\/wp-content\/uploads\/2019\/11\/DSC_0050-1536x1021.jpg 1536w, https:\/\/optimaweb.org\/wp-content\/uploads\/2019\/11\/DSC_0050-2048x1362.jpg 2048w\" sizes=\"(max-width: 300px) 100vw, 300px\" \/><\/p>\n","protected":false},"excerpt":{"rendered":"<p>[vc_row css=\u00bb.vc_custom_1556570675371{padding-bottom: 50px !important;}\u00bb][vc_column css=\u00bb.vc_custom_1556570450243{margin-top: 50px !important;}\u00bb][vc_column_text] Mantenimiento de piscinas comunitarias y privadas. Mantenemos el agua cumpliendo con los par\u00e1metros qu\u00edmicos establecidos en la normativa vigente, si necesitamos proporcionar un informe para adaptar la instalaci\u00f3n a la normativa, nos encargamos de todo lo necesario tanto en la temporada de hibernaci\u00f3n de la Piscina como en&hellip;<\/p>\n","protected":false},"author":2,"featured_media":0,"parent":0,"menu_order":0,"comment_status":"closed","ping_status":"closed","template":"template-microsite.php","meta":[],"_links":{"self":[{"href":"https:\/\/optimaweb.org\/es\/wp-json\/wp\/v2\/pages\/1332"}],"collection":[{"href":"https:\/\/optimaweb.org\/es\/wp-json\/wp\/v2\/pages"}],"about":[{"href":"https:\/\/optimaweb.org\/es\/wp-json\/wp\/v2\/types\/page"}],"author":[{"embeddable":true,"href":"https:\/\/optimaweb.org\/es\/wp-json\/wp\/v2\/users\/2"}],"replies":[{"embeddable":true,"href":"https:\/\/optimaweb.org\/es\/wp-json\/wp\/v2\/comments?post=1332"}],"version-history":[{"count":7,"href":"https:\/\/optimaweb.org\/es\/wp-json\/wp\/v2\/pages\/1332\/revisions"}],"predecessor-version":[{"id":1625,"href":"https:\/\/optimaweb.org\/es\/wp-json\/wp\/v2\/pages\/1332\/revisions\/1625"}],"wp:attachment":[{"href":"https:\/\/optimaweb.org\/es\/wp-json\/wp\/v2\/media?parent=1332"}],"curies":[{"name":"wp","href":"https:\/\/api.w.org\/{rel}","templated":true}]}}