{"id":1339,"date":"2019-10-11T09:53:08","date_gmt":"2019-10-11T09:53:08","guid":{"rendered":"https:\/\/optimaweb.org\/jardines\/"},"modified":"2019-11-24T15:36:16","modified_gmt":"2019-11-24T15:36:16","slug":"jardines","status":"publish","type":"page","link":"https:\/\/optimaweb.org\/es\/jardines\/","title":{"rendered":"Jardines"},"content":{"rendered":"<p>[vc_row][vc_column][vc_column_text css_animation=\u00bbnone\u00bb]<\/p>\r\n<p><strong><span style=\"color: #000000;\">Mantenimiento para comunidades y particulares<\/span><\/strong><\/p>\r\n<p>Si dispones de un jard\u00edn que requiere mantenimiento, te ofrecemos, la posibilidad de contar con personal cualificado con amplia experiencia para que las zonas verdes y ajardinadas de tu propiedad est\u00e9n siempre en perfecto estado.<br \/>Realizando un trabajo de mantenimiento constante evitamos que el jard\u00edn se deteriore. Si no se llevan a cabo estas tareas de mantenimiento adecuadas, el aspecto del jard\u00edn se deteriora progresivamente.<\/p>\r\n<p>&nbsp;<\/p>\r\n<p>&nbsp;<\/p>\r\n<p><img loading=\"lazy\" class=\"alignnone wp-image-1618\" src=\"https:\/\/optimaweb.org\/wp-content\/uploads\/2019\/11\/35-300x153.jpg\" alt=\"\" width=\"721\" height=\"368\" srcset=\"https:\/\/optimaweb.org\/wp-content\/uploads\/2019\/11\/35-300x153.jpg 300w, https:\/\/optimaweb.org\/wp-content\/uploads\/2019\/11\/35-1024x521.jpg 1024w, https:\/\/optimaweb.org\/wp-content\/uploads\/2019\/11\/35-768x391.jpg 768w, https:\/\/optimaweb.org\/wp-content\/uploads\/2019\/11\/35-1536x781.jpg 1536w, https:\/\/optimaweb.org\/wp-content\/uploads\/2019\/11\/35-2048x1042.jpg 2048w\" sizes=\"(max-width: 721px) 100vw, 721px\" \/>Nuestros servicios incluyen abonar el jard\u00edn para proporcionar a las plantas los nutrientes que necesitan, protegi\u00e9ndolas contra plagas y enfermedades (aplicaciones fitosanitarias); Garantizamos el mantenimiento y la adaptaci\u00f3n de la instalaci\u00f3n del sistema de riego autom\u00e1tico. Cuidamos su territorio para repoblarlo despu\u00e9s del invierno, manteni\u00e9ndolo una vez a la semana en verano, y manteni\u00e9ndolo con una altura de corte adecuada y acordado con el cliente. Sin embargo, es inevitable que algunas plantas no pasen por el invierno. Para ello, con la llegada de la primavera, repoblamos el jard\u00edn con nuevas plantas, nuestros profesionales recomendar\u00e1n qu\u00e9 plantas son las m\u00e1s adecuadas en funci\u00f3n de las caracter\u00edsticas de su jard\u00edn.<\/p>\r\n<h4><\/h4>\r\n<p><strong><span style=\"color: #000000;\">\u2022 Dise\u00f1o de jard\u00edn:<\/span><\/strong><\/p>\r\n<p>Elegir un tipo de jard\u00edn puede ser una decisi\u00f3n dif\u00edcil, ya que cuando elegimos nos encontramos con que las posibilidades son numerosas y variadas. Gracias a nuestra experiencia y conocimiento en paisajismo podemos recomendar algunos de los jardines m\u00e1s espectaculares.<br \/><strong>&#8211; Jardines MINIMALISTAS<\/strong> Se caracterizan por un gran dise\u00f1o espacial, transmitiendo elegancia y serenidad gracias a la ubicaci\u00f3n de peque\u00f1as plantas o arbustos.<br \/><strong>&#8211; Jardines SOSTENIBLES:<\/strong> Este tipo de dise\u00f1o de jard\u00edn est\u00e1 comprometido con el uso de plantas espec\u00edficas dependiendo de la clima, lo que ayuda a respetar el medio ambiente minimizando el gasto de agua. Una opci\u00f3n muy recomendable si vives en climas secos.<br \/><b>&#8211; Jardines ACU\u00c1TICOS:<\/b> Si tienes un jard\u00edn de tama\u00f1o suficiente esta puede ser una de las mejores opciones, ya que es un tipo de jard\u00edn muy original que puede incluir una fuente o un estanque.<br \/><strong>&#8211; Jardines TROPICALES:<\/strong> Es ideal para los amantes de los entornos de la selva. Las plantas que podemos encontrar en este tipo de jard\u00edn tendr\u00e1n que tener una abundante cantidad de agua y luz.<br \/><strong>&#8211; Jardines VERTICALES:<\/strong> Muy espectacular por su llamativa. Este tipo de jardines aumentan su demanda cada d\u00eda. Las plantas trepadoras crear\u00e1n un ambiente muy peculiar en su jard\u00edn<\/p>\r\n<p>\u2022 <strong>Poda de \u00e1rboles:<\/strong><\/p>\r\n<p>Los factores que tenemos en cuenta a la hora de hacer una poda son:<\/p>\r\n<p><u>Cuidar la salud del \u00e1rbol.<\/u> Sanar el \u00e1rbol ser\u00e1 una de las principales causas para considerar realizar su poda. Las ramas rotas o secas deben eliminarse.<br \/>La <u>seguridad<\/u> de las personas o elementos alrededor del \u00e1rbol. Este es un punto muy a tener en cuenta, ya que debemos evitar cualquier accidente que pueda ocurrir debido a un mal mantenimiento. La poda es una buena soluci\u00f3n para prevenir accidentes.<br \/>La <u>Est\u00e9tica <\/u>del paisaje y del propio \u00e1rbol. Una est\u00e9tica adecuada puede favorecer la integraci\u00f3n del \u00e1rbol con otros elementos. Una buena imagen es un factor importante al que se debe prestar atenci\u00f3n.<\/p>\r\n<p>Para cortar \u00e1rboles accesibles y de gran altitud. Contamos con una amplia experiencia en la tala controlada de \u00e1rboles. Hacemos servicios de corte de todo tipo de \u00e1rboles, contamos con un equipo altamente cualificado en constante formaci\u00f3n. Todos nuestros servicios incluyen la retirada y transporte de residuos vegetales a un punto limpio.<\/p>\r\n<p>&#8211; Limpieza y limpieza de parcelas. Con la llegada del verano el riesgo de incendio aumenta, por lo que es muy recomendable mantener granjas, jardines y tierras libres de hierbas y ramas secas. Desbrozamos fincas privadas, y la tierra. Utilizamos la maquinaria conveniente dependiendo del tipo de trabajo. Estas tareas, tambi\u00e9n ofrecemos la posibilidad de retirar todos los restos de la planta y gestionarlo hasta un punto limpio.<\/p>\r\n<p><strong>Riego Autom\u00e1tico<\/strong><\/p>\r\n<p>&#8211; Instalaci\u00f3n de riego profesional. Si est\u00e1s pensando en incorporar un sistema de riego en tu jard\u00edn, huerto o terreno, te ofreceremos toda la informaci\u00f3n necesaria para instalar la m\u00e1s adecuada a tus necesidades, utilizando los mejores materiales del mercado. Nos encargamos de todo, excavaci\u00f3n, instalaci\u00f3n de tuber\u00edas, cajas de v\u00e1lvulas, instalaci\u00f3n de difusores, Electrov\u00e1lvulas, programadores&#8230;<br \/>Si el riego que necesita es por aspersi\u00f3n o goteo le ayudaremos en el dise\u00f1o de diferentes fases para asegurar la presi\u00f3n \u00f3ptima y por lo tanto un riego completo de todo el jard\u00edn<\/p>\r\n<p><strong>C\u00e9sped artificial.<\/strong><\/p>\r\n<p>Si necesita instalar c\u00e9sped artificial, ya sea que necesite un c\u00e9sped funcional, como un c\u00e9sped decorativo o deportivo, podemos ayudarle a aconsejar las diferentes opciones, acabados y caracter\u00edsticas<\/p>\r\n<p>Algunas de las ventajas que presenta son:<br \/>Mantenimiento m\u00e1s simple, m\u00e1s barato, siempre perfecto, menos insectos<\/p>\r\n<p><strong>Aplicaciones Fitosanitarias<\/strong><\/p>\r\n<p>Realizamos fumigaciones y control de plagas. Contamos con las certificaciones y el equipamiento necesario para la aplicaci\u00f3n de productos fitosanitarios para combatir: \u00e1fidos, ara\u00f1as rojas, hormigas, crestas, gorgojos de palma&#8230; O la aparici\u00f3n de cualquier visitante inesperado en sus plantas o \u00e1rboles<\/p>\r\n<p>\u00a0<\/p>\r\n<p>[\/vc_column_text][\/vc_column][\/vc_row][vc_row][vc_column width=\u00bb1\/2&#8243;]<style type=\"text\/css\" data-type=\"the7_shortcodes-inline-css\">.shortcode-single-image-wrap.shortcode-single-image-1273efdf7b0e0790649975f5693668b8.enable-bg-rollover .rollover i,\n.shortcode-single-image-wrap.shortcode-single-image-1273efdf7b0e0790649975f5693668b8.enable-bg-rollover .rollover-video i {\n  background: -webkit-linear-gradient();\n  background: linear-gradient();\n}\n.shortcode-single-image-wrap.shortcode-single-image-1273efdf7b0e0790649975f5693668b8 .rollover-icon {\n  font-size: 32px;\n  color: #ffffff;\n  min-width: 44px;\n  min-height: 44px;\n  line-height: 44px;\n  border-radius: 100px;\n  border-style: solid;\n  border-width: 0px;\n}\n.dt-icon-bg-on.shortcode-single-image-wrap.shortcode-single-image-1273efdf7b0e0790649975f5693668b8 .rollover-icon {\n  background: rgba(255,255,255,0.3);\n  box-shadow: none;\n}\n<\/style><div class=\"shortcode-single-image-wrap shortcode-single-image-1273efdf7b0e0790649975f5693668b8 alignnone fadeInLeft animate-element  enable-bg-rollover dt-icon-bg-off\" style=\"margin-top:0px; margin-bottom:0px; margin-left:0px; margin-right:0px; width:700px;\"><div class=\"shortcode-single-image\"><div class=\"fancy-media-wrap\" style=\"border-radius:15px;\"><a class=\"layzr-bg rollover rollover-zoom dt-pswp-item pswp-image\" href=\"https:\/\/optimaweb.org\/wp-content\/uploads\/2019\/11\/14-scaled.jpg\" title=\"gespa\" data-dt-img-description=\"\" data-large_image_width=\"2560\" data-large_image_height = \"1302\"  style=\"border-radius:15px;\"><img class=\"preload-me lazy-load\" src=\"data:image\/svg+xml,%3Csvg%20xmlns%3D&#39;http%3A%2F%2Fwww.w3.org%2F2000%2Fsvg&#39;%20viewBox%3D&#39;0%200%20700%20700&#39;%2F%3E\" data-src=\"https:\/\/optimaweb.org\/wp-content\/uploads\/2019\/11\/14-scaled-700x700.jpg\" data-srcset=\"https:\/\/optimaweb.org\/wp-content\/uploads\/2019\/11\/14-scaled-700x700.jpg 700w, https:\/\/optimaweb.org\/wp-content\/uploads\/2019\/11\/14-scaled-1302x1302.jpg 1302w\" width=\"700\" height=\"700\"  data-dt-location=\"https:\/\/optimaweb.org\/es\/jardines\/attachment\/14\/\" alt=\"\" \/><\/a><\/div><\/div><\/div>[\/vc_column][vc_column width=\u00bb1\/2&#8243;]<style type=\"text\/css\" data-type=\"the7_shortcodes-inline-css\">.shortcode-single-image-wrap.shortcode-single-image-4982fc3c2df288f5f52e7b5da654ab8f.enable-bg-rollover .rollover i,\n.shortcode-single-image-wrap.shortcode-single-image-4982fc3c2df288f5f52e7b5da654ab8f.enable-bg-rollover .rollover-video i {\n  background: -webkit-linear-gradient();\n  background: linear-gradient();\n}\n.shortcode-single-image-wrap.shortcode-single-image-4982fc3c2df288f5f52e7b5da654ab8f .rollover-icon {\n  font-size: 32px;\n  color: #ffffff;\n  min-width: 44px;\n  min-height: 44px;\n  line-height: 44px;\n  border-radius: 100px;\n  border-style: solid;\n  border-width: 0px;\n}\n.dt-icon-bg-on.shortcode-single-image-wrap.shortcode-single-image-4982fc3c2df288f5f52e7b5da654ab8f .rollover-icon {\n  background: rgba(255,255,255,0.3);\n  box-shadow: none;\n}\n<\/style><div class=\"shortcode-single-image-wrap shortcode-single-image-4982fc3c2df288f5f52e7b5da654ab8f alignnone fadeInRight animate-element  enable-bg-rollover dt-icon-bg-off\" style=\"margin-top:0px; margin-bottom:0px; margin-left:0px; margin-right:0px; width:700px;\"><div class=\"shortcode-single-image\"><div class=\"fancy-media-wrap  layzr-bg\" style=\"border-radius:15px;\"><img class=\"preload-me lazy-load\" src=\"data:image\/svg+xml,%3Csvg%20xmlns%3D&#39;http%3A%2F%2Fwww.w3.org%2F2000%2Fsvg&#39;%20viewBox%3D&#39;0%200%20600%20600&#39;%2F%3E\" data-src=\"https:\/\/optimaweb.org\/wp-content\/uploads\/2019\/11\/limpieza-pino-paint-600x600.jpg\" data-srcset=\"https:\/\/optimaweb.org\/wp-content\/uploads\/2019\/11\/limpieza-pino-paint-600x600.jpg 600w\" width=\"600\" height=\"600\"  data-dt-location=\"https:\/\/optimaweb.org\/es\/home\/limpieza-pino-paint-2\/\" style=\"border-radius:15px;\" alt=\"\" \/><\/div><\/div><\/div>[\/vc_column][\/vc_row][vc_row css=\u00bb.vc_custom_1560243530340{margin-top: 80px !important;}\u00bb][vc_column width=\u00bb1\/2&#8243; offset=\u00bbvc_hidden-lg vc_hidden-md vc_hidden-sm vc_hidden-xs\u00bb][vc_video][\/vc_column][vc_column width=\u00bb1\/2&#8243; offset=\u00bbvc_hidden-lg vc_hidden-md vc_hidden-sm vc_hidden-xs\u00bb][vc_video][\/vc_column][\/vc_row]<\/p>","protected":false},"excerpt":{"rendered":"<p>[vc_row][vc_column][vc_column_text css_animation=\u00bbnone\u00bb] Mantenimiento para comunidades y particulares Si dispones de un jard\u00edn que requiere mantenimiento, te ofrecemos, la posibilidad de contar con personal cualificado con amplia experiencia para que las zonas verdes y ajardinadas de tu propiedad est\u00e9n siempre en perfecto estado.Realizando un trabajo de mantenimiento constante evitamos que el jard\u00edn se deteriore. Si no&hellip;<\/p>\n","protected":false},"author":2,"featured_media":0,"parent":0,"menu_order":0,"comment_status":"closed","ping_status":"closed","template":"template-microsite.php","meta":[],"_links":{"self":[{"href":"https:\/\/optimaweb.org\/es\/wp-json\/wp\/v2\/pages\/1339"}],"collection":[{"href":"https:\/\/optimaweb.org\/es\/wp-json\/wp\/v2\/pages"}],"about":[{"href":"https:\/\/optimaweb.org\/es\/wp-json\/wp\/v2\/types\/page"}],"author":[{"embeddable":true,"href":"https:\/\/optimaweb.org\/es\/wp-json\/wp\/v2\/users\/2"}],"replies":[{"embeddable":true,"href":"https:\/\/optimaweb.org\/es\/wp-json\/wp\/v2\/comments?post=1339"}],"version-history":[{"count":13,"href":"https:\/\/optimaweb.org\/es\/wp-json\/wp\/v2\/pages\/1339\/revisions"}],"predecessor-version":[{"id":1620,"href":"https:\/\/optimaweb.org\/es\/wp-json\/wp\/v2\/pages\/1339\/revisions\/1620"}],"wp:attachment":[{"href":"https:\/\/optimaweb.org\/es\/wp-json\/wp\/v2\/media?parent=1339"}],"curies":[{"name":"wp","href":"https:\/\/api.w.org\/{rel}","templated":true}]}}