{"id":6113,"date":"2024-04-22T15:28:42","date_gmt":"2024-04-22T15:28:42","guid":{"rendered":"https:\/\/optimaweb.org\/politica-de-cookies\/"},"modified":"2024-04-22T15:28:42","modified_gmt":"2024-04-22T15:28:42","slug":"politica-de-cookies","status":"publish","type":"page","link":"https:\/\/optimaweb.org\/es\/politica-de-cookies\/","title":{"rendered":"Pol\u00edtica de cookies"},"content":{"rendered":"<p>[vc_row][vc_column][vc_column_text]<\/p>\n<h1>Pol\u00edtica de cookies<\/h1>\n<p>A trav\u00e9s de este sitio web, no se recogen datos personales de los usuarios sin su conocimiento, ni se ceden a terceros.<\/p>\n<p>Con el fin de ofrecerle el mejor servicio y con el objeto de facilitar el uso, se analizan el n\u00famero de p\u00e1ginas visitadas, el n\u00famero de visitas, as\u00ed como la actividad de los visitantes y su frecuencia de utilizaci\u00f3n. A estos efectos, OPTIMA SERVEIS PER COMUNITATS SLU utiliza la informaci\u00f3n estad\u00edstica elaborada por el proveedor de servicios de internet.<\/p>\n<p>OPTIMA SERVEIS PER COMUNITATS SLU no utiliza cookies para recoger informaci\u00f3n de los usuarios ni registra las direcciones IP de acceso. Solo se utilizan cookies propias y de terceros de sesi\u00f3n, con finalidad t\u00e9cnica (aquellas que permiten al usuario la navegaci\u00f3n a trav\u00e9s del sitio web y la utilizaci\u00f3n de las diferentes opciones y servicios que existen en la web).<\/p>\n<p>El portal del que es titular OPTIMA SERVEIS PER COMUNITATS SLU contiene enlaces a sitios web de terceros, con pol\u00edticas de privacidad ajenas a la empresa. Al acceder a estos sitios web, usted puede decidir si acepta sus pol\u00edticas de privacidad y de cookies. Con car\u00e1cter general, si navega por internet usted puede aceptar o rechazar las cookies de terceros, desde las opciones de configuraci\u00f3n de su navegador.[\/vc_column_text][\/vc_column][\/vc_row]<\/p>\n","protected":false},"excerpt":{"rendered":"<p>[vc_row][vc_column][vc_column_text] Pol\u00edtica de cookies A trav\u00e9s de este sitio web, no se recogen datos personales de los usuarios sin su conocimiento, ni se ceden a terceros. Con el fin de ofrecerle el mejor servicio y con el objeto de facilitar el uso, se analizan el n\u00famero de p\u00e1ginas visitadas, el n\u00famero de visitas, as\u00ed como&hellip;<\/p>\n","protected":false},"author":1,"featured_media":0,"parent":0,"menu_order":0,"comment_status":"closed","ping_status":"closed","template":"","meta":[],"_links":{"self":[{"href":"https:\/\/optimaweb.org\/es\/wp-json\/wp\/v2\/pages\/6113"}],"collection":[{"href":"https:\/\/optimaweb.org\/es\/wp-json\/wp\/v2\/pages"}],"about":[{"href":"https:\/\/optimaweb.org\/es\/wp-json\/wp\/v2\/types\/page"}],"author":[{"embeddable":true,"href":"https:\/\/optimaweb.org\/es\/wp-json\/wp\/v2\/users\/1"}],"replies":[{"embeddable":true,"href":"https:\/\/optimaweb.org\/es\/wp-json\/wp\/v2\/comments?post=6113"}],"version-history":[{"count":1,"href":"https:\/\/optimaweb.org\/es\/wp-json\/wp\/v2\/pages\/6113\/revisions"}],"predecessor-version":[{"id":6114,"href":"https:\/\/optimaweb.org\/es\/wp-json\/wp\/v2\/pages\/6113\/revisions\/6114"}],"wp:attachment":[{"href":"https:\/\/optimaweb.org\/es\/wp-json\/wp\/v2\/media?parent=6113"}],"curies":[{"name":"wp","href":"https:\/\/api.w.org\/{rel}","templated":true}]}}