{"id":6221,"date":"2024-06-06T10:20:45","date_gmt":"2024-06-06T10:20:45","guid":{"rendered":"https:\/\/optimaweb.org\/politica-de-privacidad\/"},"modified":"2024-06-06T10:20:45","modified_gmt":"2024-06-06T10:20:45","slug":"politica-de-privacidad","status":"publish","type":"page","link":"https:\/\/optimaweb.org\/es\/politica-de-privacidad\/","title":{"rendered":"Pol\u00edtica de privacidad"},"content":{"rendered":"<p>[vc_row][vc_column][vc_column_text]<strong>INFORMACI\u00d3N LEGAL LSSIICE<\/strong><\/p>\n<p>De acuerdo con las obligaciones previstas en la Ley 34\/2002 de Servicios de la Sociedad de la Informaci\u00f3n y del Comercio Electr\u00f3nico (en adelante LSSIYCE) OPTIMA SERVEIS PER COMUNITATS SLU. con CIF B55693667 y domicilio social en C\/ Gr\u00e8cia Nau B-27 &#8211; Pol. Ind. Constant\u00ed, 43120 Constant\u00ed (Tarragona) y correo electr\u00f3nico <a href=\"mailto:xxx@xxx.com\">optima@optimaweb.org,<\/a> manifiesta que es de su propiedad:<\/p>\n<p>&#8211; el dominio <a href=\"http:\/\/www.optimaweb.org\">www.optimaweb.org<\/a><\/p>\n<p>Que OPTIMA SERVEIS PER COMUNITATS SLU. est\u00e1 inscrita en el Registro Mercantil de Tarragona, Tomo 2.976 Libro 0, Folio 96, Inscripci\u00f3n 1, Hoja T-50550.<\/p>\n<p>OPTIMA SERVEIS PER COMUNITATS SLU. no puede asumir ninguna responsabilidad derivada del uso incorrecto o il\u00edcito de la informaci\u00f3n que aparezca en sus p\u00e1ginas web. Con los l\u00edmites establecido en la ley, OPTIMA SERVEIS PER COMUNITATS SLU. no asume ninguna responsabilidad por la falta de veracidad, integridad, actualizaci\u00f3n y precisi\u00f3n de los datos o informaciones que se contienen en sus p\u00e1ginas de Internet.<\/p>\n<p>Los contenidos e informaci\u00f3n de las p\u00e1ginas de Internet de OPTIMA SERVEIS PER COMUNITATS SLU. est\u00e1n elaborados por profesionales debidamente cualificados para el ejercicio de su profesi\u00f3n. Sin embargo, los contenidos e informaci\u00f3n no vinculan a la susodicha, ni constituyen opiniones, consejos o asesoramiento legal de ning\u00fan tipo, pues se trata meramente de un servicio ofrecido con car\u00e1cter informativo y divulgativo.<\/p>\n<p>Las p\u00e1ginas de Internet de OPTIMA SERVEIS PER COMUNITATS SLU. pueden contener enlaces (links) a otras p\u00e1ginas de terceras. Por lo tanto, \u00e9sta no puede asumir responsabilidades por el contenido que pueda aparecer en p\u00e1ginas de terceros. Los textos, im\u00e1genes, sonidos, animaciones, software y el resto de contenidos incluidos en este website son propiedad exclusiva de OPTIMA SERVEIS PER COMUNITATS SLU. sus licenciantes. Cualquier acto de transmisi\u00f3n, distribuci\u00f3n, cesi\u00f3n, reproducci\u00f3n, almacenamiento o comunicaci\u00f3n p\u00fablica total o parcial, debe contar con el consentimiento expreso de OPTIMA SERVEIS PER COMUNITATS SLU.<\/p>\n<p>De la misma manera, se reserva el derecho a retirar el acceso al portal sin necesidad de previo aviso a cualquier usuario que contravenga lo dispuesto en el presente aviso legal.<\/p>\n<p>&nbsp;<\/p>\n<p><strong>PROTECCI\u00d3N DE DATOS PERSONALES<\/strong><\/p>\n<p>En virtud de la normativa de protecci\u00f3n de datos de car\u00e1cter personal, por la presente autoriza a que los datos personales facilitados ser\u00e1n tratados bajo la responsabilidad de OPTIMA SERVEIS PER COMUNITATS SLU <strong>y<\/strong> domicilio en C\/ Gr\u00e8cia Nau B-27 &#8211; Pol. Ind. Constant\u00ed, 43120 Constant\u00ed (Tarragona):<\/p>\n<p>-Formulario de Contacto: Sus datos ser\u00e1n tratados con el fin de gestionar su petici\u00f3n y poderle dar respuesta, siendo la prestaci\u00f3n de este servicio el motivo que nos legitima tratar sus datos. Estos datos ser\u00e1n conservados hasta que se resuelva la petici\u00f3n y no ser\u00e1n transmitidos a terceros.<\/p>\n<p>&#8211; \u00c1rea de Acceso Panel: Sus datos ser\u00e1n tratados con el fin de gestionar la condici\u00f3n de usuario, siendo su consentimiento la base que nos legitima tratar sus datos. Estos datos ser\u00e1n conservados mientras se mantenga la condici\u00f3n de usuario y las responsabilidades que se puedan derivar y no ser\u00e1n transmitidos a terceros salvo obligaci\u00f3n legal.<\/p>\n<p>En cualquier caso, podr\u00e1 indicar la revocaci\u00f3n del consentimiento dado, si \u00e9sta fue la base que legitim\u00f3 el tratamiento o ejercitar los derechos previstos:<\/p>\n<ul>\n<li><u>De acceso:<\/u> el interesado tiene derecho a saber si el responsable trata datos personales suyos y, si es as\u00ed, tiene derecho a acceder a estos datos, as\u00ed como a obtener informaci\u00f3n al respecto de los tratamientos realizados.<\/li>\n<li><u>Rectificaci\u00f3n: <\/u>Est\u00e1 vinculado al car\u00e1cter de inexactitud o incompleto de los datos. El interesado tiene derecho a rectificar sus datos personales inexactos y que se completen sus datos personales incompletos.<\/li>\n<li><u>Supresi\u00f3n:<\/u> El interesado tiene derecho a obtener la supresi\u00f3n de sus datos personales (\u00abderecho al olvido\u00bb), cuando estos ya no son necesarios para la finalidad para la cual se recogieron, se revoca el consentimiento en el cual se basaba el tratamiento, el interesado se opone al tratamiento, los datos se han tratado il\u00edcitamente, se tienen que suprimir para cumplir una obligaci\u00f3n legal o se han obtenido en relaci\u00f3n con la oferta de servicios de la sociedad de la informaci\u00f3n dirigida a menores.<\/li>\n<li><u>Limitaci\u00f3n del tratamiento<\/u>: es un derecho de la persona interesada consistente en marcar sus datos de car\u00e1cter personal conservados con la finalidad de limitar el tratamiento en el futuro. La limitaci\u00f3n del tratamiento supone que, a petici\u00f3n de la persona interesada, sus datos personales indicados se dejen de tratar.<\/li>\n<li><u>Oposici\u00f3n<\/u>: el interesado tiene derecho a oponerse al tratamiento de sus datos cuando se base en algunos supuestos concretos y se invoque un motivo relacionado con su situaci\u00f3n personal.<\/li>\n<li><u>Portabilidad de los datos<\/u>. el interesado tiene derecho a recibir sus datos personales facilitados al responsable del tratamiento en un formato estructurado, de uso com\u00fan y de lectura mec\u00e1nica, si se basa en el consentimiento o en un contrato o cuando el tratamiento se realiza por medios automatizados.<\/li>\n<li><u>A no ser objeto de decisiones individuales automatizadas<\/u>: el interesado tiene derecho a no ser objeto de una decisi\u00f3n basada en el tratamiento automatizado de sus datos, incluida la elaboraci\u00f3n de perfiles que produzca efectos jur\u00eddicos en \u00e9l o que le afecte negativamente.<\/li>\n<\/ul>\n<p>Estas peticiones se deber\u00e1n realizar en C\/ Gr\u00e8cia Nau B-27 &#8211; Pol. Ind. Constant\u00ed, 43120 Constant\u00ed (Tarragona) o en <a href=\"mailto:info@covides.com\">optima@optimaweb.org.<\/a>.<\/p>\n<p>Asimismo, tambi\u00e9n podr\u00e1 presentar una reclamaci\u00f3n ante la Agencia Espa\u00f1ola de Protecci\u00f3n de Datos.<\/p>\n<h4>PROPIEDAD INDUSTRIAL E INTELECTUAL<\/h4>\n<p>&nbsp;<\/p>\n<p>Este sitio web es propiedad de OPTIMA SERVEIS PER COMUNITATS SLU. Los derechos de propiedad intelectual y los derechos de explotaci\u00f3n y reproducci\u00f3n de este sitio web, sus p\u00e1ginas, pantallas, la informaci\u00f3n que contienen, su apariencia y dise\u00f1o, as\u00ed como los enlaces (\u00abhiperv\u00ednculos\u00bb) establecidos desde ella a otras p\u00e1ginas web de cualquier centro adscrito u organismo dependiente, son propiedad exclusiva de \u00e9sta salvo que expresamente se estableciese otra cosa.<\/p>\n<p>Todas las denominaciones, dise\u00f1os y\/o logotipos, as\u00ed como cualquier producto o servicio ofrecido y reflejado en este sitio web, son marcas comerciales debidamente registradas por OPTIMA SERVEIS PER COMUNITATS SLU por sus subsidiarias y\/o dominadas o por terceros.<\/p>\n<p>Cualquier uso indebido del mismo por personas distintas de su leg\u00edtimo titular y sin el consentimiento expreso e inequ\u00edvoco de \u00e9ste podr\u00e1 ser denunciado y enjuiciado por todos los medios legales existentes en el ordenamiento jur\u00eddico espa\u00f1ol y\/o comunitario.<\/p>\n<p>Los derechos de propiedad intelectual y marcas comerciales de terceros se destacan convenientemente y deben ser respetados por cualquier persona que acceda a esta p\u00e1gina, no siendo responsable de OPTIMA SERVEIS PER COMUNITATS SLU. el uso que el usuario pueda llevar a cabo a este respecto, siendo la \u00fanica responsabilidad sobre su persona.<\/p>\n<p>S\u00f3lo para uso personal y privado est\u00e1 permitido descargar los contenidos, copiar o imprimir cualquier p\u00e1gina de este sitio web. Queda prohibido reproducir, transmitir, modificar o eliminar la informaci\u00f3n, contenidos o advertencias de este sitio web sin la autorizaci\u00f3n previa por escrito de OPTIMA SERVEIS PER COMUNITATS SLU..<\/p>\n<p>OPTIMA SERVEIS PER COMUNITATS SLU. no transfiere a los usuarios la propiedad de su software. El usuario es el propietario del medio en el que se graba el software. OPTIMA SERVEIS PER COMUNITATS SLU. posee todos los derechos de propiedad industrial e intelectual, incluido el software. Si el usuario transfiere software de este sitio web a su terminal, no podr\u00e1 diseccionar por su estudio y descompilar, traducir la versi\u00f3n del c\u00f3digo objeto original o su idioma a otro c\u00f3digo o idioma.<\/p>\n<p>&nbsp;<\/p>\n<h4>LEY APLICABLE Y JURISDICCI\u00d3N<\/h4>\n<p>&nbsp;<\/p>\n<p>Las presentes condiciones generales se rigen por la Legislaci\u00f3n espa\u00f1ola, siendo competentes los Juzgados y Tribunales espa\u00f1oles para conocer de cuantas cuestiones se susciten sobre la interpretaci\u00f3n, aplicaci\u00f3n y cumplimiento de las mismas. El usuario, por virtud de su aceptaci\u00f3n a las condiciones generales recogidas en este aviso legal y siempre que esta sumisi\u00f3n sea posible, renuncia expresamente a cualquier fuero que, por aplicaci\u00f3n de la Ley de Enjuiciamiento Civil vigente pudiera corresponderle.[\/vc_column_text][\/vc_column][\/vc_row]<\/p>\n","protected":false},"excerpt":{"rendered":"<p>[vc_row][vc_column][vc_column_text]INFORMACI\u00d3N LEGAL LSSIICE De acuerdo con las obligaciones previstas en la Ley 34\/2002 de Servicios de la Sociedad de la Informaci\u00f3n y del Comercio Electr\u00f3nico (en adelante LSSIYCE) OPTIMA SERVEIS PER COMUNITATS SLU. con CIF B55693667 y domicilio social en C\/ Gr\u00e8cia Nau B-27 &#8211; Pol. Ind. Constant\u00ed, 43120 Constant\u00ed (Tarragona) y correo electr\u00f3nico optima@optimaweb.org,&hellip;<\/p>\n","protected":false},"author":1,"featured_media":0,"parent":0,"menu_order":0,"comment_status":"closed","ping_status":"closed","template":"","meta":[],"_links":{"self":[{"href":"https:\/\/optimaweb.org\/es\/wp-json\/wp\/v2\/pages\/6221"}],"collection":[{"href":"https:\/\/optimaweb.org\/es\/wp-json\/wp\/v2\/pages"}],"about":[{"href":"https:\/\/optimaweb.org\/es\/wp-json\/wp\/v2\/types\/page"}],"author":[{"embeddable":true,"href":"https:\/\/optimaweb.org\/es\/wp-json\/wp\/v2\/users\/1"}],"replies":[{"embeddable":true,"href":"https:\/\/optimaweb.org\/es\/wp-json\/wp\/v2\/comments?post=6221"}],"version-history":[{"count":2,"href":"https:\/\/optimaweb.org\/es\/wp-json\/wp\/v2\/pages\/6221\/revisions"}],"predecessor-version":[{"id":6223,"href":"https:\/\/optimaweb.org\/es\/wp-json\/wp\/v2\/pages\/6221\/revisions\/6223"}],"wp:attachment":[{"href":"https:\/\/optimaweb.org\/es\/wp-json\/wp\/v2\/media?parent=6221"}],"curies":[{"name":"wp","href":"https:\/\/api.w.org\/{rel}","templated":true}]}}